{"id":1189,"date":"2025-06-25T12:01:32","date_gmt":"2025-06-25T10:01:32","guid":{"rendered":"https:\/\/soma-terra.com\/?page_id=1189"},"modified":"2025-07-24T16:00:52","modified_gmt":"2025-07-24T14:00:52","slug":"politika-kolacica","status":"publish","type":"page","link":"https:\/\/soma-terra.online\/en\/politika-kolacica\/","title":{"rendered":"Cookie Policy"},"content":{"rendered":"<div data-elementor-type=\"wp-page\" data-elementor-id=\"1189\" class=\"elementor elementor-1189\">\n\t\t\t\t<div class=\"elementor-element elementor-element-3911faf e-flex e-con-boxed wpr-particle-no wpr-jarallax-no wpr-parallax-no wpr-sticky-section-no e-con e-parent\" data-id=\"3911faf\" data-element_type=\"container\">\n\t\t\t\t\t<div class=\"e-con-inner\">\n\t\t<div class=\"elementor-element elementor-element-5ca8f70 e-con-full e-flex wpr-particle-no wpr-jarallax-no wpr-parallax-no wpr-sticky-section-no e-con e-child\" data-id=\"5ca8f70\" data-element_type=\"container\">\n\t\t\t\t<\/div>\n\t\t\t\t\t<\/div>\n\t\t\t\t<\/div>\n\t\t<div class=\"elementor-element elementor-element-f91804f e-flex e-con-boxed wpr-particle-no wpr-jarallax-no wpr-parallax-no wpr-sticky-section-no e-con e-parent\" data-id=\"f91804f\" data-element_type=\"container\">\n\t\t\t\t\t<div class=\"e-con-inner\">\n\t\t<div class=\"elementor-element elementor-element-d2fadce e-con-full e-flex wpr-particle-no wpr-jarallax-no wpr-parallax-no wpr-sticky-section-no e-con e-child\" data-id=\"d2fadce\" data-element_type=\"container\">\n\t\t\t\t<\/div>\n\t\t<div class=\"elementor-element elementor-element-ef2a0d6 e-con-full e-flex wpr-particle-no wpr-jarallax-no wpr-parallax-no wpr-sticky-section-no e-con e-child\" data-id=\"ef2a0d6\" data-element_type=\"container\">\n\t\t\t\t<\/div>\n\t\t\t\t<div class=\"elementor-element elementor-element-13b992e elementor-widget elementor-widget-text-editor\" data-id=\"13b992e\" data-element_type=\"widget\" data-widget_type=\"text-editor.default\">\n\t\t\t\t<div class=\"elementor-widget-container\">\n\t\t\t\t\t\t\t\t\t<div class=\"legal-content\"><h5>Cookie Policy<\/h5><p>This cookie policy explains how Soma Terra \u2013 a sole proprietorship for promoting conscious living, holistic treatments, education, and services \u2013 uses cookies and similar technologies on its website.<\/p><h5>1. What are cookies?<\/h5><p>Cookies are small text files that a website stores on your device (computer, tablet, or smartphone) when you visit the site.<br \/>Cookies allow the website to remember your actions and settings (such as language, font size, and other preferences) for a certain period of time.<\/p><h5>2. How we use cookies?<\/h5><p>We use cookies for the following purposes:<\/p><ul><li>To ensure the proper functioning of the website (technical cookies)<\/li><li>For analyzing traffic and user behavior (statistical cookies)<\/li><li>For personalizing content and advertisements (marketing cookies)<\/li><\/ul><h5>Third-party cookies<\/h5><p>We may use third-party services (such as Google Analytics) that can also place cookies on your device on our behalf to analyze and track website traffic.<\/p><h5>4. How we use cookies?<\/h5><p>You can control and\/or delete cookies at any time. More information can be found at <a href=\"https:\/\/www.aboutcookies.org\/\" target=\"_blank\" rel=\"noopener\">www.aboutcookies.org<\/a>.<br \/>You can delete all cookies that are already stored on your device, and most browsers allow you to block the placement of cookies.<br \/>If you do this, you may need to manually adjust some settings each time you visit the site, and certain services and functionalities may not work properly.<\/p><h5>5. Policy changes<\/h5><p>We reserve the right to modify this Cookie Policy at any time. Any changes will be posted on this page.<\/p><h5>Contact<\/h5><p>Soma Terra \u2013 a sole proprietorship for promoting conscious living, holistic treatments, education, and services<br \/>Dre\u017enik II odvojak, Brezovica, Zagreb<br \/>MBO: 99063034<br \/>Email: <a href=\"mailto:info@soma-terra.com\">info@soma-terra.com<\/a><br \/>Phone: <a href=\"tel:+385989751464\">098 975 1464<\/a><\/p><\/div>\t\t\t\t\t\t\t\t<\/div>\n\t\t\t\t<\/div>\n\t\t\t\t\t<\/div>\n\t\t\t\t<\/div>\n\t\t\t\t<\/div>","protected":false},"excerpt":{"rendered":"<p>Politika kola\u010di\u0107a Ova politika kola\u010di\u0107a obja\u0161njava kako Soma Terra \u2013 obrt za promicanje svjesnog \u017eivljenja, holisti\u010dke tretmane, edukacije i usluge koristi kola\u010di\u0107e i sli\u010dne tehnologije na svojoj web stranici. 1. \u0160to su kola\u010di\u0107i? Kola\u010di\u0107i su male tekstualne datoteke koje web stranica pohranjuje na va\u0161 ure\u0111aj (ra\u010dunalo, tablet, mobitel) prilikom posjete stranici.Kola\u010di\u0107i omogu\u0107uju web stranici da zapamti va\u0161e radnje i postavke (poput jezika, veli\u010dine fonta i drugih preferencija) tijekom odre\u0111enog vremenskog razdoblja. 2. Kako koristimo kola\u010di\u0107e? Kola\u010di\u0107e koristimo za sljede\u0107e svrhe: Za ispravno funkcioniranje stranice (tehni\u010dki kola\u010di\u0107i) Za analizu prometa i pona\u0161anja korisnika (statisti\u010dki kola\u010di\u0107i) Za personalizaciju sadr\u017eaja i oglasa (marketin\u0161ki kola\u010di\u0107i) 3. Kola\u010di\u0107i tre\u0107ih strana Mo\u017eemo koristiti usluge tre\u0107ih strana (poput Google Analyticsa) koje tako\u0111er mogu postavljati kola\u010di\u0107e na va\u0161 ure\u0111aj u na\u0161e ime radi analize i pra\u0107enja prometa na stranici. 4. Upravljanje kola\u010di\u0107ima Mo\u017eete kontrolirati i\/ili izbrisati kola\u010di\u0107e u bilo kojem trenutku. Vi\u0161e informacija mo\u017eete prona\u0107i na www.aboutcookies.org.Mo\u017eete izbrisati sve kola\u010di\u0107e koji su ve\u0107 pohranjeni na va\u0161em ure\u0111aju, a ve\u0107ina preglednika omogu\u0107uje blokiranje postavljanja kola\u010di\u0107a.Ako to u\u010dinite, mo\u017eda \u0107ete morati ru\u010dno pode\u0161avati neke postavke svaki put kada posjetite stranicu, a odre\u0111ene usluge i funkcionalnosti mo\u017eda ne\u0107e raditi ispravno. 5. Izmjene politike Zadr\u017eavamo pravo izmjene ove Politike kola\u010di\u0107a u bilo kojem trenutku. Sve promjene \u0107e biti objavljene na ovoj stranici. Kontakt Soma Terra \u2013 obrt za promicanje svjesnog \u017eivljenja, holisti\u010dke tretmane, edukacije i uslugeDre\u017enik II odvojak, Brezovica, ZagrebMBO: 99063034Email: info@soma-terra.comTelefon: 098 975 1464<\/p>","protected":false},"author":1,"featured_media":0,"parent":0,"menu_order":0,"comment_status":"closed","ping_status":"closed","template":"","meta":{"site-sidebar-layout":"no-sidebar","site-content-layout":"page-builder","ast-site-content-layout":"full-width-container","site-content-style":"default","site-sidebar-style":"default","ast-global-header-display":"","ast-banner-title-visibility":"","ast-main-header-display":"","ast-hfb-above-header-display":"","ast-hfb-below-header-display":"","ast-hfb-mobile-header-display":"","site-post-title":"disabled","ast-breadcrumbs-content":"","ast-featured-img":"disabled","footer-sml-layout":"","theme-transparent-header-meta":"enabled","adv-header-id-meta":"","stick-header-meta":"","header-above-stick-meta":"","header-main-stick-meta":"","header-below-stick-meta":"","astra-migrate-meta-layouts":"set","ast-page-background-enabled":"default","ast-page-background-meta":{"desktop":{"background-color":"","background-image":"","background-repeat":"repeat","background-position":"center center","background-size":"auto","background-attachment":"scroll","background-type":"","background-media":"","overlay-type":"","overlay-color":"","overlay-opacity":"","overlay-gradient":""},"tablet":{"background-color":"","background-image":"","background-repeat":"repeat","background-position":"center center","background-size":"auto","background-attachment":"scroll","background-type":"","background-media":"","overlay-type":"","overlay-color":"","overlay-opacity":"","overlay-gradient":""},"mobile":{"background-color":"","background-image":"","background-repeat":"repeat","background-position":"center center","background-size":"auto","background-attachment":"scroll","background-type":"","background-media":"","overlay-type":"","overlay-color":"","overlay-opacity":"","overlay-gradient":""}},"ast-content-background-meta":{"desktop":{"background-color":"var(--ast-global-color-5)","background-image":"","background-repeat":"repeat","background-position":"center center","background-size":"auto","background-attachment":"scroll","background-type":"","background-media":"","overlay-type":"","overlay-color":"","overlay-opacity":"","overlay-gradient":""},"tablet":{"background-color":"var(--ast-global-color-5)","background-image":"","background-repeat":"repeat","background-position":"center center","background-size":"auto","background-attachment":"scroll","background-type":"","background-media":"","overlay-type":"","overlay-color":"","overlay-opacity":"","overlay-gradient":""},"mobile":{"background-color":"var(--ast-global-color-5)","background-image":"","background-repeat":"repeat","background-position":"center center","background-size":"auto","background-attachment":"scroll","background-type":"","background-media":"","overlay-type":"","overlay-color":"","overlay-opacity":"","overlay-gradient":""}},"footnotes":""},"class_list":["post-1189","page","type-page","status-publish","hentry"],"_links":{"self":[{"href":"https:\/\/soma-terra.online\/en\/wp-json\/wp\/v2\/pages\/1189","targetHints":{"allow":["GET"]}}],"collection":[{"href":"https:\/\/soma-terra.online\/en\/wp-json\/wp\/v2\/pages"}],"about":[{"href":"https:\/\/soma-terra.online\/en\/wp-json\/wp\/v2\/types\/page"}],"author":[{"embeddable":true,"href":"https:\/\/soma-terra.online\/en\/wp-json\/wp\/v2\/users\/1"}],"replies":[{"embeddable":true,"href":"https:\/\/soma-terra.online\/en\/wp-json\/wp\/v2\/comments?post=1189"}],"version-history":[{"count":25,"href":"https:\/\/soma-terra.online\/en\/wp-json\/wp\/v2\/pages\/1189\/revisions"}],"predecessor-version":[{"id":2395,"href":"https:\/\/soma-terra.online\/en\/wp-json\/wp\/v2\/pages\/1189\/revisions\/2395"}],"wp:attachment":[{"href":"https:\/\/soma-terra.online\/en\/wp-json\/wp\/v2\/media?parent=1189"}],"curies":[{"name":"wp","href":"https:\/\/api.w.org\/{rel}","templated":true}]}}