{"id":1214,"date":"2025-06-25T12:44:07","date_gmt":"2025-06-25T10:44:07","guid":{"rendered":"https:\/\/soma-terra.com\/?page_id=1214"},"modified":"2025-07-24T15:56:21","modified_gmt":"2025-07-24T13:56:21","slug":"uvjeti-koristenja","status":"publish","type":"page","link":"https:\/\/soma-terra.online\/en\/uvjeti-koristenja\/","title":{"rendered":"Terms of Use"},"content":{"rendered":"<div data-elementor-type=\"wp-page\" data-elementor-id=\"1214\" class=\"elementor elementor-1214\">\n\t\t\t\t<div class=\"elementor-element elementor-element-7716a2b e-flex e-con-boxed wpr-particle-no wpr-jarallax-no wpr-parallax-no wpr-sticky-section-no e-con e-parent\" data-id=\"7716a2b\" data-element_type=\"container\">\n\t\t\t\t\t<div class=\"e-con-inner\">\n\t\t<div class=\"elementor-element elementor-element-be1dc43 e-con-full e-flex wpr-particle-no wpr-jarallax-no wpr-parallax-no wpr-sticky-section-no e-con e-child\" data-id=\"be1dc43\" data-element_type=\"container\">\n\t\t\t\t<\/div>\n\t\t<div class=\"elementor-element elementor-element-afd7008 e-con-full e-flex wpr-particle-no wpr-jarallax-no wpr-parallax-no wpr-sticky-section-no e-con e-child\" data-id=\"afd7008\" data-element_type=\"container\">\n\t\t\t\t<\/div>\n\t\t<div class=\"elementor-element elementor-element-de0ead3 e-con-full e-flex wpr-particle-no wpr-jarallax-no wpr-parallax-no wpr-sticky-section-no e-con e-child\" data-id=\"de0ead3\" data-element_type=\"container\">\n\t\t\t\t<\/div>\n\t\t\t\t<div class=\"elementor-element elementor-element-2947397 elementor-widget elementor-widget-text-editor\" data-id=\"2947397\" data-element_type=\"widget\" data-widget_type=\"text-editor.default\">\n\t\t\t\t<div class=\"elementor-widget-container\">\n\t\t\t\t\t\t\t\t\t<div class=\"legal-content\"><h5>Terms of Use<\/h5><p>Welcome to the Soma Terra website, a sole proprietorship for promoting conscious living, holistic treatments, education, and services.<br \/>By using this website, you agree to the terms of use below. If you do not agree with these terms, please do not use this website.<\/p><h5>1. Use of content<\/h5><p>All content on this site is intended for information and educational purposes. It is not a substitute for medical advice, diagnosis, or treatment.<br \/>Always consult a qualified healthcare professional for any medical needs.<\/p><h5>2. Intellectual property<\/h5><p>All texts, images, and materials on this site are the property of Soma Terra and may not be copied, distributed, or used without explicit written permission.<\/p><h5>3. Limitation of liability<\/h5><p>Soma Terra is not responsible for any damage that may result from the use of content on this website.<br \/>Use of the website is the sole responsibility of the user.<\/p><h5>4. Accuracy of information<\/h5><p>We strive to keep the information on the website updated, but we do not guarantee its complete accuracy or timeliness.<br \/>We are not responsible for any damages resulting from the use of outdated or inaccurate information.<\/p><h5>5. Links to other websites<\/h5><p>The website may contain links to other websites that are not under our control.<br \/>We are not responsible for the content, privacy policy, or practices of these websites.<\/p><h5>6. Privacy and cookies<\/h5><p>By using this website, you agree to the processing of personal data in accordance with our<br \/><a href=\"\/en\/politika-kolacica\/\">Cookie Policy<\/a>.<\/p><h5>7. Changes to the terms<\/h5><p>We reserve the right to modify these Terms of Use at any time without prior notice.<br \/>Changes take effect upon being posted on the website.<\/p><h5>Contact<\/h5><p>Soma Terra \u2013 a sole proprietorship for promoting conscious living, holistic treatments, education, and services<br \/>Dre\u017enik II odvojak, Brezovica, Zagreb<br \/>MBO: 99063034<br \/>Email: <a href=\"mailto:info@soma-terra.com\">info@soma-terra.com<\/a><br \/>Phone: <a href=\"tel:+385989751464\">098 975 1464<\/a><\/p><\/div>\t\t\t\t\t\t\t\t<\/div>\n\t\t\t\t<\/div>\n\t\t\t\t\t<\/div>\n\t\t\t\t<\/div>\n\t\t\t\t<\/div>","protected":false},"excerpt":{"rendered":"<p>Uvjeti kori\u0161tenja Dobrodo\u0161li na web stranicu Soma Terra, obrt za promicanje svjesnog \u017eivljenja, holisti\u010dke tretmane, edukacije i usluge.Kori\u0161tenjem ove stranice pristajete na uvjete kori\u0161tenja u nastavku. Ako se ne sla\u017eete s ovim uvjetima, molimo vas da ne koristite ovu stranicu. 1. Kori\u0161tenje sadr\u017eaja Sav sadr\u017eaj na ovoj stranici namijenjen je informiranju i edukaciji. Nije zamjena za medicinski savjet, dijagnozu ili lije\u010denje.Uvijek se posavjetujte s kvalificiranim zdravstvenim stru\u010dnjakom za bilo kakve medicinske potrebe. 2. Intelektualno vlasni\u0161tvo Svi tekstovi, slike i materijali na stranici vlasni\u0161tvo su obrta Soma Terra i nije ih dopu\u0161teno kopirati, distribuirati ili koristiti bez izri\u010ditog pisanog dopu\u0161tenja. 3. Ograni\u010denje odgovornosti Soma Terra ne snosi odgovornost za bilo kakvu \u0161tetu koja mo\u017ee proiza\u0107i iz kori\u0161tenja sadr\u017eaja na ovoj stranici.Kori\u0161tenje stranice isklju\u010diva je odgovornost korisnika. 4. To\u010dnost informacija Nastojimo redovito a\u017eurirati informacije na stranici, no ne jam\u010dimo njihovu potpunu to\u010dnost ili a\u017eurnost.Ne odgovaramo za eventualne \u0161tete nastale kori\u0161tenjem zastarjelih ili neto\u010dnih informacija. 5. Poveznice na druge stranice Stranica mo\u017ee sadr\u017eavati poveznice na druge web stranice koje nisu pod na\u0161om kontrolom.Ne snosimo odgovornost za sadr\u017eaj, politiku privatnosti ni praksu tih stranica. 6. Privatnost i kola\u010di\u0107i Kori\u0161tenjem ove stranice pristajete na obradu osobnih podataka u skladu s na\u0161omPolitikom kola\u010di\u0107a. 7. Izmjene uvjeta Zadr\u017eavamo pravo izmjene ovih Uvjeta kori\u0161tenja u bilo kojem trenutku bez prethodne najave.Promjene stupaju na snagu objavom na stranici. Kontakt Soma Terra \u2013 obrt za promicanje svjesnog \u017eivljenja, holisti\u010dke tretmane, edukacije i uslugeDre\u017enik II odvojak, Brezovica, ZagrebMBO: 99063034Email: info@soma-terra.comTelefon: 098 975 1464<\/p>","protected":false},"author":1,"featured_media":0,"parent":0,"menu_order":0,"comment_status":"closed","ping_status":"closed","template":"","meta":{"site-sidebar-layout":"no-sidebar","site-content-layout":"page-builder","ast-site-content-layout":"full-width-container","site-content-style":"default","site-sidebar-style":"default","ast-global-header-display":"","ast-banner-title-visibility":"","ast-main-header-display":"","ast-hfb-above-header-display":"","ast-hfb-below-header-display":"","ast-hfb-mobile-header-display":"","site-post-title":"disabled","ast-breadcrumbs-content":"","ast-featured-img":"disabled","footer-sml-layout":"","theme-transparent-header-meta":"enabled","adv-header-id-meta":"","stick-header-meta":"","header-above-stick-meta":"","header-main-stick-meta":"","header-below-stick-meta":"","astra-migrate-meta-layouts":"set","ast-page-background-enabled":"default","ast-page-background-meta":{"desktop":{"background-color":"","background-image":"","background-repeat":"repeat","background-position":"center center","background-size":"auto","background-attachment":"scroll","background-type":"","background-media":"","overlay-type":"","overlay-color":"","overlay-opacity":"","overlay-gradient":""},"tablet":{"background-color":"","background-image":"","background-repeat":"repeat","background-position":"center center","background-size":"auto","background-attachment":"scroll","background-type":"","background-media":"","overlay-type":"","overlay-color":"","overlay-opacity":"","overlay-gradient":""},"mobile":{"background-color":"","background-image":"","background-repeat":"repeat","background-position":"center center","background-size":"auto","background-attachment":"scroll","background-type":"","background-media":"","overlay-type":"","overlay-color":"","overlay-opacity":"","overlay-gradient":""}},"ast-content-background-meta":{"desktop":{"background-color":"var(--ast-global-color-5)","background-image":"","background-repeat":"repeat","background-position":"center center","background-size":"auto","background-attachment":"scroll","background-type":"","background-media":"","overlay-type":"","overlay-color":"","overlay-opacity":"","overlay-gradient":""},"tablet":{"background-color":"var(--ast-global-color-5)","background-image":"","background-repeat":"repeat","background-position":"center center","background-size":"auto","background-attachment":"scroll","background-type":"","background-media":"","overlay-type":"","overlay-color":"","overlay-opacity":"","overlay-gradient":""},"mobile":{"background-color":"var(--ast-global-color-5)","background-image":"","background-repeat":"repeat","background-position":"center center","background-size":"auto","background-attachment":"scroll","background-type":"","background-media":"","overlay-type":"","overlay-color":"","overlay-opacity":"","overlay-gradient":""}},"footnotes":""},"class_list":["post-1214","page","type-page","status-publish","hentry"],"_links":{"self":[{"href":"https:\/\/soma-terra.online\/en\/wp-json\/wp\/v2\/pages\/1214","targetHints":{"allow":["GET"]}}],"collection":[{"href":"https:\/\/soma-terra.online\/en\/wp-json\/wp\/v2\/pages"}],"about":[{"href":"https:\/\/soma-terra.online\/en\/wp-json\/wp\/v2\/types\/page"}],"author":[{"embeddable":true,"href":"https:\/\/soma-terra.online\/en\/wp-json\/wp\/v2\/users\/1"}],"replies":[{"embeddable":true,"href":"https:\/\/soma-terra.online\/en\/wp-json\/wp\/v2\/comments?post=1214"}],"version-history":[{"count":16,"href":"https:\/\/soma-terra.online\/en\/wp-json\/wp\/v2\/pages\/1214\/revisions"}],"predecessor-version":[{"id":2392,"href":"https:\/\/soma-terra.online\/en\/wp-json\/wp\/v2\/pages\/1214\/revisions\/2392"}],"wp:attachment":[{"href":"https:\/\/soma-terra.online\/en\/wp-json\/wp\/v2\/media?parent=1214"}],"curies":[{"name":"wp","href":"https:\/\/api.w.org\/{rel}","templated":true}]}}